{"id":505,"date":"2023-03-19T08:16:41","date_gmt":"2023-03-19T07:16:41","guid":{"rendered":"http:\/\/pruki.hu\/?page_id=505"},"modified":"2025-09-11T10:53:29","modified_gmt":"2025-09-11T08:53:29","slug":"villanyszereles-pro","status":"publish","type":"page","link":"https:\/\/pruki.hu\/index.php\/villanyszereles-pro\/","title":{"rendered":"Villanyszereles.pro"},"content":{"rendered":"\n<figure class=\"wp-block-image size-full is-resized\"><img fetchpriority=\"high\" decoding=\"async\" width=\"661\" height=\"353\" src=\"http:\/\/pruki.hu\/wp-content\/uploads\/2024\/01\/villanyszereles_pro.png\" alt=\"\" class=\"wp-image-801\" style=\"width:502px;height:auto\" srcset=\"https:\/\/pruki.hu\/wp-content\/uploads\/2024\/01\/villanyszereles_pro.png 661w, https:\/\/pruki.hu\/wp-content\/uploads\/2024\/01\/villanyszereles_pro-300x160.png 300w, https:\/\/pruki.hu\/wp-content\/uploads\/2024\/01\/villanyszereles_pro-375x200.png 375w, https:\/\/pruki.hu\/wp-content\/uploads\/2024\/01\/villanyszereles_pro-600x320.png 600w\" sizes=\"(max-width: 661px) 100vw, 661px\" \/><\/figure>\n\n\n<div class=\"wp-block-image\">\n<figure class=\"aligncenter size-large is-resized\"><img decoding=\"async\" width=\"1024\" height=\"515\" src=\"http:\/\/pruki.hu\/wp-content\/uploads\/2024\/02\/villanyszerelo_bizonyitvany-1-1024x515.png\" alt=\"\" class=\"wp-image-805\" style=\"width:1024px;height:auto\" srcset=\"https:\/\/pruki.hu\/wp-content\/uploads\/2024\/02\/villanyszerelo_bizonyitvany-1-1024x515.png 1024w, https:\/\/pruki.hu\/wp-content\/uploads\/2024\/02\/villanyszerelo_bizonyitvany-1-300x151.png 300w, https:\/\/pruki.hu\/wp-content\/uploads\/2024\/02\/villanyszerelo_bizonyitvany-1-768x386.png 768w, https:\/\/pruki.hu\/wp-content\/uploads\/2024\/02\/villanyszerelo_bizonyitvany-1-1536x772.png 1536w, https:\/\/pruki.hu\/wp-content\/uploads\/2024\/02\/villanyszerelo_bizonyitvany-1-398x200.png 398w, https:\/\/pruki.hu\/wp-content\/uploads\/2024\/02\/villanyszerelo_bizonyitvany-1-600x302.png 600w, https:\/\/pruki.hu\/wp-content\/uploads\/2024\/02\/villanyszerelo_bizonyitvany-1.png 1763w\" sizes=\"(max-width: 1024px) 100vw, 1024px\" \/><\/figure>\n<\/div>\n\n\n<p><\/p>\n\n\n\n<figure class=\"wp-block-jetpack-image-compare\"><div class=\"juxtapose\" data-mode=\"horizontal\"><img decoding=\"async\" id=\"596\" src=\"https:\/\/i0.wp.com\/pruki.hu\/wp-content\/uploads\/2023\/04\/1.png\" alt=\"\" width=\"494\" height=\"619\" class=\"image-compare__image-before\"\/><img loading=\"lazy\" decoding=\"async\" id=\"615\" src=\"http:\/\/pruki.hu\/wp-content\/uploads\/2023\/04\/0.png\" alt=\"\" width=\"722\" height=\"957\" class=\"image-compare__image-after\"\/><\/div><\/figure>\n\n\n\n<p><\/p>\n\n\n\n<figure class=\"wp-block-embed is-type-video is-provider-youtube wp-block-embed-youtube wp-embed-aspect-16-9 wp-has-aspect-ratio\"><div class=\"wp-block-embed__wrapper\">\n<iframe title=\"ppportfolio\" width=\"1249\" height=\"703\" src=\"https:\/\/www.youtube.com\/embed\/fGUEPGrj_ok?feature=oembed\" frameborder=\"0\" allow=\"accelerometer; autoplay; clipboard-write; encrypted-media; gyroscope; picture-in-picture; web-share\" referrerpolicy=\"strict-origin-when-cross-origin\" allowfullscreen><\/iframe>\n<\/div><\/figure>\n\n\n\n<div data-wp-interactive=\"core\/file\" class=\"wp-block-file\"><object data-wp-bind--hidden=\"!state.hasPdfPreview\" hidden class=\"wp-block-file__embed\" data=\"http:\/\/pruki.hu\/wp-content\/uploads\/2024\/01\/Csillag-Delta-kapcsolas.pdf\" type=\"application\/pdf\" style=\"width:100%;height:600px\" aria-label=\"Csillag-Delta-kapcsolas be\u00e1gyaz\u00e1sa\"><\/object><a id=\"wp-block-file--media-5add8c5e-be6a-4762-b596-6d10fb3022c0\" href=\"http:\/\/pruki.hu\/wp-content\/uploads\/2024\/01\/Csillag-Delta-kapcsolas.pdf\">Csillag-Delta-kapcsolas<\/a><a href=\"http:\/\/pruki.hu\/wp-content\/uploads\/2024\/01\/Csillag-Delta-kapcsolas.pdf\" class=\"wp-block-file__button wp-element-button\" download aria-describedby=\"wp-block-file--media-5add8c5e-be6a-4762-b596-6d10fb3022c0\">Let\u00f6lt\u00e9s<\/a><\/div>\n\n\n\n<figure class=\"wp-block-embed is-type-wp-embed is-provider-pruki wp-block-embed-pruki wp-embed-aspect-16-9 wp-has-aspect-ratio\"><div class=\"wp-block-embed__wrapper\">\n<blockquote class=\"wp-embedded-content\" data-secret=\"y24QZFsBUb\"><a href=\"https:\/\/pruki.hu\/index.php\/2023\/02\/16\/elementor-446\/\">Suli \ud83d\ude42<\/a><\/blockquote><iframe class=\"wp-embedded-content\" sandbox=\"allow-scripts\" security=\"restricted\" style=\"position: absolute; visibility: hidden;\" title=\"&#8220;Suli :-)&#8221; &#8212; pruki\" src=\"https:\/\/pruki.hu\/index.php\/2023\/02\/16\/elementor-446\/embed\/#?secret=iV9hgFKhAH#?secret=y24QZFsBUb\" data-secret=\"y24QZFsBUb\" width=\"600\" height=\"338\" frameborder=\"0\" marginwidth=\"0\" marginheight=\"0\" scrolling=\"no\"><\/iframe>\n<\/div><figcaption class=\"wp-element-caption\"><strong><kbd>Hasznos hivatkoz\u00e1sok<br><\/kbd><\/strong><br>&#8211;<a href=\"https:\/\/phet.colorado.edu\/sims\/html\/circuit-construction-kit-dc\/latest\/circuit-construction-kit-dc_hu.html\" target=\"_blank\" rel=\"noreferrer noopener\">\u00c1ramk\u00f6r \u00e9p\u00edt\u0151\/tesztel\u0151<\/a><br>&#8211;<a href=\"http:\/\/villanytszerelek.com\/vill_bekot.php\" target=\"_blank\" rel=\"noreferrer noopener\">Vil\u00e1g\u00edt\u00e1si kapcsol\u00e1sok<\/a><br>&#8211;<a href=\"https:\/\/megtestesules.info\/hobbielektronika\/elektronika\/03_ohm_kirchoff.html?fbclid=IwAR2xRNOD3_Z-M3viuTUc1w0k217gNyvOSWAQt8b7ZqezPfRFtu9vfnwtKW0#mozTocId465746\" target=\"_blank\" rel=\"noreferrer noopener\">Bevezet\u00e9s az elektronik\u00e1ba<\/a> (OHM, Kirchhoff&#8230;)<br>&#8211;<a href=\"https:\/\/l.facebook.com\/l.php?u=https%3A%2F%2Fdkttanulo.e-kreta.hu%2Ftananyagtar%2Felearnings%3Ffbclid%3DIwAR0xTNhAsSx2pEUIypx2qPYpTjULLTwk-0rlRdZRmlbPGoFP9wwPhPzug7M&amp;h=AT0BIJlsm7X4yO2tra_J7BrVPTAp2N4HGRvmFPAWYf-SDnnGfUlbciPYNW1t2dHN_dC_pyoDCuyDoE0n3LvFbvE-1oDRljxYyTlyLoj8BhDT2rOEFv4bLJ5bZrvAGprnn8iq&amp;__tn__=R]-R&amp;c[0]=AT1UjzX8Tb4D54X6DF0RGst8ebeyxi2FceARfYPcQ14ZNaaDN2_ZVhJoJQ9uWaecOXkDNdVpQ_ftxgj2uY519v_fE5ZOS15TXCXhSjZB9gVbIHAtLN0k1rvfDGo-YUIvuvVwjW9qbbUfMrN-99r24Rby_Fz7B_127J0XTikEZVe_-03f4W6SVJx526jaIlhRnnaL8Uf2v5U8YGg\" data-type=\"link\" data-id=\"https:\/\/l.facebook.com\/l.php?u=https%3A%2F%2Fdkttanulo.e-kreta.hu%2Ftananyagtar%2Felearnings%3Ffbclid%3DIwAR0xTNhAsSx2pEUIypx2qPYpTjULLTwk-0rlRdZRmlbPGoFP9wwPhPzug7M&amp;h=AT0BIJlsm7X4yO2tra_J7BrVPTAp2N4HGRvmFPAWYf-SDnnGfUlbciPYNW1t2dHN_dC_pyoDCuyDoE0n3LvFbvE-1oDRljxYyTlyLoj8BhDT2rOEFv4bLJ5bZrvAGprnn8iq&amp;__tn__=R]-R&amp;c[0]=AT1UjzX8Tb4D54X6DF0RGst8ebeyxi2FceARfYPcQ14ZNaaDN2_ZVhJoJQ9uWaecOXkDNdVpQ_ftxgj2uY519v_fE5ZOS15TXCXhSjZB9gVbIHAtLN0k1rvfDGo-YUIvuvVwjW9qbbUfMrN-99r24Rby_Fz7B_127J0XTikEZVe_-03f4W6SVJx526jaIlhRnnaL8Uf2v5U8YGg\" target=\"_blank\" rel=\"noreferrer noopener\">Kr\u00e9ta Feladatok<\/a><br>&#8211;<a href=\"https:\/\/l.facebook.com\/l.php?u=https%3A%2F%2Fyoutu.be%2F24PFIUCC4C0%3Fsi%3D9EdfdV4GGZQob6zl%26fbclid%3DIwAR15xe5YLyxvEM9c1xRak3tE8JoKBCR4tIeH8wwxKMWv4iuuVj78iaxMHoQ&amp;h=AT2_GWuzScWz7e4i4kw6riiEwDfJXOtLSCBua371Eq82No1R5kEkPVNhcB88pjNKsBQT70IMMHR3-9lTOyIguUlRsW6CnbFXbeatA3CQ1VLMcIjZVjj7N-5yp7uHrI6tRnoR&amp;__tn__=R]-R&amp;c[0]=AT1UjzX8Tb4D54X6DF0RGst8ebeyxi2FceARfYPcQ14ZNaaDN2_ZVhJoJQ9uWaecOXkDNdVpQ_ftxgj2uY519v_fE5ZOS15TXCXhSjZB9gVbIHAtLN0k1rvfDGo-YUIvuvVwjW9qbbUfMrN-99r24Rby_Fz7B_127J0XTikEZVe_-03f4W6SVJx526jaIlhRnnaL8Uf2v5U8YGg\" data-type=\"link\" data-id=\"https:\/\/l.facebook.com\/l.php?u=https%3A%2F%2Fyoutu.be%2F24PFIUCC4C0%3Fsi%3D9EdfdV4GGZQob6zl%26fbclid%3DIwAR15xe5YLyxvEM9c1xRak3tE8JoKBCR4tIeH8wwxKMWv4iuuVj78iaxMHoQ&amp;h=AT2_GWuzScWz7e4i4kw6riiEwDfJXOtLSCBua371Eq82No1R5kEkPVNhcB88pjNKsBQT70IMMHR3-9lTOyIguUlRsW6CnbFXbeatA3CQ1VLMcIjZVjj7N-5yp7uHrI6tRnoR&amp;__tn__=R]-R&amp;c[0]=AT1UjzX8Tb4D54X6DF0RGst8ebeyxi2FceARfYPcQ14ZNaaDN2_ZVhJoJQ9uWaecOXkDNdVpQ_ftxgj2uY519v_fE5ZOS15TXCXhSjZB9gVbIHAtLN0k1rvfDGo-YUIvuvVwjW9qbbUfMrN-99r24Rby_Fz7B_127J0XTikEZVe_-03f4W6SVJx526jaIlhRnnaL8Uf2v5U8YGg\" target=\"_blank\" rel=\"noreferrer noopener\">Interakt\u00edv vizsga tesztk\u00f6rnyezet<\/a> video<\/figcaption><\/figure>\n\n\n\n<p><\/p>\n\n\n\n<p><\/p>\n\n\n\n<div class=\"wp-block-jetpack-tiled-gallery aligncenter is-style-circle\"><div class=\"tiled-gallery__gallery\"><div class=\"tiled-gallery__row columns-3\"><div class=\"tiled-gallery__col\"><figure class=\"tiled-gallery__item\"><a href=\"http:\/\/pruki.hu\/wp-content\/uploads\/2023\/03\/IMG_7210-4-scaled.jpg\"><img decoding=\"async\" srcset=\"https:\/\/i1.wp.com\/pruki.hu\/wp-content\/uploads\/2023\/03\/IMG_7210-4-scaled.jpg?resize=600,600&#038;strip=info 600w,https:\/\/i1.wp.com\/pruki.hu\/wp-content\/uploads\/2023\/03\/IMG_7210-4-scaled.jpg?resize=900,900&#038;strip=info 900w,https:\/\/i1.wp.com\/pruki.hu\/wp-content\/uploads\/2023\/03\/IMG_7210-4-scaled.jpg?resize=1200,1200&#038;strip=info 1200w,https:\/\/i1.wp.com\/pruki.hu\/wp-content\/uploads\/2023\/03\/IMG_7210-4-scaled.jpg?resize=1500,1500&#038;strip=info 1500w,https:\/\/i1.wp.com\/pruki.hu\/wp-content\/uploads\/2023\/03\/IMG_7210-4-scaled.jpg?resize=1800,1800&#038;strip=info 1800w,https:\/\/i1.wp.com\/pruki.hu\/wp-content\/uploads\/2023\/03\/IMG_7210-4-scaled.jpg?resize=1920,1920&#038;strip=info 1920w\" alt=\"\" data-height=\"1920\" data-id=\"562\" data-link=\"http:\/\/pruki.hu\/index.php\/villanyszereles-pro\/img_7210-4\/\" data-url=\"http:\/\/pruki.hu\/wp-content\/uploads\/2023\/03\/IMG_7210-4-scaled.jpg\" data-width=\"2560\" src=\"https:\/\/i1.wp.com\/pruki.hu\/wp-content\/uploads\/2023\/03\/IMG_7210-4-scaled.jpg?resize=1920%2C1920\" data-amp-layout=\"responsive\"\/><\/a><\/figure><\/div><div class=\"tiled-gallery__col\"><figure class=\"tiled-gallery__item\"><a href=\"http:\/\/pruki.hu\/wp-content\/uploads\/2023\/03\/IMG_7212-4-scaled.jpg\"><img decoding=\"async\" srcset=\"https:\/\/i0.wp.com\/pruki.hu\/wp-content\/uploads\/2023\/03\/IMG_7212-4-scaled.jpg?resize=600,600&#038;strip=info 600w,https:\/\/i0.wp.com\/pruki.hu\/wp-content\/uploads\/2023\/03\/IMG_7212-4-scaled.jpg?resize=900,900&#038;strip=info 900w,https:\/\/i0.wp.com\/pruki.hu\/wp-content\/uploads\/2023\/03\/IMG_7212-4-scaled.jpg?resize=1200,1200&#038;strip=info 1200w,https:\/\/i0.wp.com\/pruki.hu\/wp-content\/uploads\/2023\/03\/IMG_7212-4-scaled.jpg?resize=1500,1500&#038;strip=info 1500w,https:\/\/i0.wp.com\/pruki.hu\/wp-content\/uploads\/2023\/03\/IMG_7212-4-scaled.jpg?resize=1800,1800&#038;strip=info 1800w,https:\/\/i0.wp.com\/pruki.hu\/wp-content\/uploads\/2023\/03\/IMG_7212-4-scaled.jpg?resize=1920,1920&#038;strip=info 1920w\" alt=\"\" data-height=\"2560\" data-id=\"563\" data-link=\"http:\/\/pruki.hu\/index.php\/villanyszereles-pro\/img_7212-4\/\" data-url=\"http:\/\/pruki.hu\/wp-content\/uploads\/2023\/03\/IMG_7212-4-scaled.jpg\" data-width=\"1920\" src=\"https:\/\/i0.wp.com\/pruki.hu\/wp-content\/uploads\/2023\/03\/IMG_7212-4-scaled.jpg?resize=1920%2C1920\" data-amp-layout=\"responsive\"\/><\/a><\/figure><\/div><div class=\"tiled-gallery__col\"><figure class=\"tiled-gallery__item\"><a href=\"http:\/\/pruki.hu\/wp-content\/uploads\/2023\/04\/kapcs.png\"><img decoding=\"async\" srcset=\"https:\/\/i2.wp.com\/pruki.hu\/wp-content\/uploads\/2023\/04\/kapcs.png?resize=552,552&#038;strip=info 552w\" alt=\"\" data-height=\"552\" data-id=\"592\" data-link=\"http:\/\/pruki.hu\/index.php\/villanyszereles-pro\/kapcs\/\" data-url=\"http:\/\/pruki.hu\/wp-content\/uploads\/2023\/04\/kapcs.png\" data-width=\"664\" src=\"https:\/\/i2.wp.com\/pruki.hu\/wp-content\/uploads\/2023\/04\/kapcs.png?resize=552%2C552\" data-amp-layout=\"responsive\"\/><\/a><\/figure><\/div><\/div><\/div><\/div>\n\n\n\n<figure class=\"wp-block-jetpack-image-compare\"><div class=\"juxtapose\" data-mode=\"horizontal\"><img decoding=\"async\" id=\"570\" src=\"http:\/\/pruki.hu\/wp-content\/uploads\/2023\/04\/IMG_7208-1.heic\" alt=\"\" class=\"image-compare__image-before\"\/><img decoding=\"async\" id=\"571\" src=\"http:\/\/pruki.hu\/wp-content\/uploads\/2023\/04\/IMG_7808-1.heic\" alt=\"\" class=\"image-compare__image-after\"\/><\/div><\/figure>\n\n\n\n<figure class=\"wp-block-jetpack-image-compare\"><div class=\"juxtapose\" data-mode=\"horizontal\"><img decoding=\"async\" id=\"568\" src=\"http:\/\/pruki.hu\/wp-content\/uploads\/2023\/04\/IMG_7208.heic\" alt=\"\" class=\"image-compare__image-before\"\/><img decoding=\"async\" id=\"569\" src=\"http:\/\/pruki.hu\/wp-content\/uploads\/2023\/04\/IMG_7808.heic\" alt=\"\" class=\"image-compare__image-after\"\/><\/div><\/figure>\n\n\n\n<!--nextpage-->\n\n\n\n<script src=\"https:\/\/cdn.jsdelivr.net\/npm\/publicalbum@latest\/embed-ui.min.js\" async><\/script>\n<div class=\"pa-gallery-player-widget\" style=\"width:100%; height:480px; display:none;\"\n  data-link=\"https:\/\/photos.app.goo.gl\/WebsVETEtEpTkYvB9\"\n  data-title=\"Villanyszerel\u00e9s...F\u00e9szek? \"\n  data-description=\"18 new items added to shared album\"\n  data-background-color=\"#ffffff\">\n  <object data=\"https:\/\/lh3.googleusercontent.com\/U4gUOMMH1KxBha0UKuXpZsd0IUeNXfhGi3doG5kwlle6h_1zF4OV1_oHFfEpt-LjZ1IaKFkkH8mtZtApU95U1vbuh9qFC-Gc_b2fFekd6F6WfShs0giHVBMToUx_jn9VXSkdHpGG57w=w1920-h1080\"><\/object>\n  <object data=\"https:\/\/lh3.googleusercontent.com\/QBHc6hGFBOo8YMg2mXCkLln9dbZu6jzsMjBJww2pbb_L1kvVIW91oHlb8Gxa1xMkVppV3VYdckLf_5IIPKhTbSDO5Rj58XKw-Mg6rHWbPrtqNb8XAkySSfNLXaaUES_hxvDyDFvoxgc=w1920-h1080\"><\/object>\n  <object data=\"https:\/\/lh3.googleusercontent.com\/sX-qTQNR9NVqd2WmUZQ0zrKMVVcbWmsBJFj_li_dcXYkVYHarWiSCdQ0RvITij1IiE99c30veja3fw9_EKr1Pq_CPQ2YEeW6RWJvX-j1FxcvBTl2kErOuMPBF3wiMIZCtMCmzwPVYuA=w1920-h1080\"><\/object>\n  <object data=\"https:\/\/lh3.googleusercontent.com\/C8jZ6fhlw2Eq5vt6G2OGB6bk-SnqZkLr80QGPmdA8ZlBKn6MvUylOhB5kYSfZgi6PyaNv2pJ_DIi25FDbsQPc7R7WoORajy6eGw33u4uwyEWp0N8aKQwpaSIo1gVJ5vAoy5yh2w4am8=w1920-h1080\"><\/object>\n  <object data=\"https:\/\/lh3.googleusercontent.com\/7SjSlqYq05b5ilS7R4RgAl4du_sh8PO5eGt25TcsnjQPik07uDhR7zUSMCQX-WtKS7vwS9v6yUINTRcJahxloO-QMuJ-2JIocph98yFB0kMoVcJix4gbdn0c8Kk0QnKle3fa5OKjW1k=w1920-h1080\"><\/object>\n  <object data=\"https:\/\/lh3.googleusercontent.com\/CLoY8ALh77Ks3UdkeTyOEwJnzh6g16jbHluEEGuCIwnRAnNaRNEMscSO9g5ym96Ogx1XmLBo0E38dJuxGQxPGB88-hjVl6Vn7AwX2927WTp-s1WggwpeDMFpqriQe-bLFZBJMugxPYw=w1920-h1080\"><\/object>\n  <object data=\"https:\/\/lh3.googleusercontent.com\/VIi0qEqsI6kiPwHXa3hgRVsFT2HeryTx6Ju-qRE6CJ3OtGLNcQ6BZPkOQ36iXuEsG0j1c0Bn5nybDriMAl5VUZKhlWt6eI2fBFu1MOZiuK0vLLS9tjphYErcGbSmoHI3ybccl6V4KGg=w1920-h1080\"><\/object>\n  <object data=\"https:\/\/lh3.googleusercontent.com\/gBi3ze5O5C9qOccBIUA3wfSfVap4M26pPx2hhvWo4xmRycys3jrQjbmRg2WeW1fUUqtDesR82kqigjGxA70-puU6vD3VsBJfJp0tsmCZPCE8ck3a2Rw_NeT59R_mc7vWWnMLzJdBQqc=w1920-h1080\"><\/object>\n  <object data=\"https:\/\/lh3.googleusercontent.com\/7STJdWbIFssDz0N0WTYZxy1bwm51xBeaD4ouGs9imgs7995CaTxlKTmShS3nM_KlKVUYT2Ov9OTkAfV2MUU_SL1Nj973CXgSPXsEzwLgrW87rTTxSFz0ZmyqYvtu34fztR_GSKZj31E=w1920-h1080\"><\/object>\n  <object data=\"https:\/\/lh3.googleusercontent.com\/d8j-pGNthhvGp2TsZPv4yBmF0FLCZiIotJx16G1FigMIdoZgZwCSDDqarYxlm_5AendVeRZkTJlbgFLIP5-mzlHa-hAZQtRoV1Ajh_TbGjvBEGAfnrG9cJY0fUanNv-c_poKeaJ06xI=w1920-h1080\"><\/object>\n  <object data=\"https:\/\/lh3.googleusercontent.com\/Ezhe8Dz8jUIvaa4Es1-7egoLyNh1tZesAFKlU9bdHYyETdZmBGkplexyBx1AqwWyES_g_bcrh4vxJMWBVfLfToxM1xEnlHuaRdL8jBZQuGL9RGK8_y7Y34subTG7JjBtaRET_ytfciY=w1920-h1080\"><\/object>\n  <object data=\"https:\/\/lh3.googleusercontent.com\/Q6IT86cuOGGjkaNZjEBvACinvs6C5e5GHcfO0tdFsKGCtbwA8CNWrQqiu5nw7putHnzVuZDUNXJt0mginvMtEIY4tg1A34XUg9Y73Bh3WmfOMs3qujkY2TyRGHKVla-5zcn8LKSzdYM=w1920-h1080\"><\/object>\n  <object data=\"https:\/\/lh3.googleusercontent.com\/hnHbhdNrmu73PwicvQidiEPOe0nZj00et8xhpx86cnkvRL6zzkCA7ZFlLjvz-vqVAgmze03r1ciFbx-c4-3W1_bi2FtOKp6jK8X210wFofSYniXehwBzmLVfYipEIkyvKA2finek87I=w1920-h1080\"><\/object>\n  <object data=\"https:\/\/lh3.googleusercontent.com\/NaVGf3bg6SKYhWIFQ2JLa4eCac9pZDhqiQ4h0amcfWaedYHnLLlWBk2vP05iTdReWZpgNJwy-_CmnAWFv9NY9lBoEIP5SUXeDZB9DJK3CQYxkQGjqOcaqxDHvU5-ZTHsD5cVklL88R8=w1920-h1080\"><\/object>\n  <object data=\"https:\/\/lh3.googleusercontent.com\/eOy7QYTWMFx1VqewEH00TWKS6Ou5vifuZj2kcOoUNREn1K7rhIqSScnwrkvYZoM_pGnDO-LzVCWEQMYuOaV0qEsd9z5rPSVe2nG1EJGoj-ffH5WsjlffODaCkPE3aZej_DyFBI8MqFk=w1920-h1080\"><\/object>\n  <object data=\"https:\/\/lh3.googleusercontent.com\/hG78FOpmd0t1kWGMdHr_KovSp_2GjAqrLnefbeAWXq5zpf_3qLwkZLf_dAY6-5Uh1TmrwtGK_oN4rwdNMQPsh3vOggK0KDOgh7F9q-MGRpGjx1IGSBzJNtV87kBTQi4uJi6C_UCQhjk=w1920-h1080\"><\/object>\n  <object data=\"https:\/\/lh3.googleusercontent.com\/85s9kTG8JV7LevxRHq1HpmgEemjfXeGkr6ie-6o4YxeoFZEbeIUutwoDlYTYLde5mBWpzmUYVJz1YZDZbeLqO5Ap7RmAvijVpU8jGYnfiHXqIEDtVrVq-2fWwC8mrGCU9yjqIjRSTYE=w1920-h1080\"><\/object>\n  <object data=\"https:\/\/lh3.googleusercontent.com\/aLk_LUon845tNuOUUXJ3QrIsDzjeFyeuKuAuTz1-cC0uBuq5yOX_YJVwRMrJuwnMGatpu7X0_K7OoQWVhnwERYT2w5tM9wvjr1MwvJsZ5ZgmePPGU_a5lgezpxFf8E6Z1ZfFmugXpcQ=w1920-h1080\"><\/object>\n<\/div>\n\n\n\n<p><strong>G\u00f6dicsap \u00f6r\u00f6kbefogad\u00e1s<\/strong><\/p>\n\n\n\n<figure class=\"wp-block-jetpack-image-compare\"><div class=\"juxtapose\" data-mode=\"horizontal\"><img loading=\"lazy\" decoding=\"async\" id=\"638\" src=\"http:\/\/pruki.hu\/wp-content\/uploads\/2023\/05\/regicsap.png\" alt=\"\" width=\"313\" height=\"375\" class=\"image-compare__image-before\"\/><img loading=\"lazy\" decoding=\"async\" id=\"639\" src=\"http:\/\/pruki.hu\/wp-content\/uploads\/2023\/05\/ujcsap.png\" alt=\"\" width=\"314\" height=\"367\" class=\"image-compare__image-after\"\/><\/div><figcaption>Csapaz\u00e9rt is<\/figcaption><\/figure>\n\n\n\n<blockquote class=\"wp-block-quote is-layout-flow wp-block-quote-is-layout-flow\">\n<p>CS.G <\/p>\n<\/blockquote>\n\n\n\n<figure class=\"wp-block-embed is-type-video is-provider-youtube wp-block-embed-youtube wp-embed-aspect-16-9 wp-has-aspect-ratio\"><div class=\"wp-block-embed__wrapper\">\n<iframe title=\"Cs\u0151G\u00f6r\u00e9ny\" width=\"563\" height=\"1000\" src=\"https:\/\/www.youtube.com\/embed\/9_jry2Ajfu8?feature=oembed\" frameborder=\"0\" allow=\"accelerometer; autoplay; clipboard-write; encrypted-media; gyroscope; picture-in-picture; web-share\" referrerpolicy=\"strict-origin-when-cross-origin\" allowfullscreen><\/iframe>\n<\/div><\/figure>\n\n\n\n<figure class=\"wp-block-jetpack-image-compare\"><div class=\"juxtapose\" data-mode=\"horizontal\"><img loading=\"lazy\" decoding=\"async\" id=\"977\" src=\"https:\/\/pruki.hu\/wp-content\/uploads\/2025\/09\/IMG_9633-scaled.jpg\" alt=\"\" width=\"2013\" height=\"2560\" class=\"image-compare__image-before\"\/><img loading=\"lazy\" decoding=\"async\" id=\"978\" src=\"https:\/\/pruki.hu\/wp-content\/uploads\/2025\/09\/IMG_9636-scaled.jpg\" alt=\"\" width=\"2056\" height=\"2560\" class=\"image-compare__image-after\"\/><\/div><\/figure>\n","protected":false},"excerpt":{"rendered":"","protected":false},"author":1,"featured_media":0,"parent":0,"menu_order":0,"comment_status":"closed","ping_status":"closed","template":"","meta":{"_monsterinsights_skip_tracking":false,"_monsterinsights_sitenote_active":false,"_monsterinsights_sitenote_note":"","_monsterinsights_sitenote_category":0,"_uf_show_specific_survey":0,"_uf_disable_surveys":false,"_mc_calendar":[],"footnotes":""},"class_list":["post-505","page","type-page","status-publish","hentry"],"jetpack_sharing_enabled":true,"_links":{"self":[{"href":"https:\/\/pruki.hu\/index.php\/wp-json\/wp\/v2\/pages\/505","targetHints":{"allow":["GET"]}}],"collection":[{"href":"https:\/\/pruki.hu\/index.php\/wp-json\/wp\/v2\/pages"}],"about":[{"href":"https:\/\/pruki.hu\/index.php\/wp-json\/wp\/v2\/types\/page"}],"author":[{"embeddable":true,"href":"https:\/\/pruki.hu\/index.php\/wp-json\/wp\/v2\/users\/1"}],"replies":[{"embeddable":true,"href":"https:\/\/pruki.hu\/index.php\/wp-json\/wp\/v2\/comments?post=505"}],"version-history":[{"count":37,"href":"https:\/\/pruki.hu\/index.php\/wp-json\/wp\/v2\/pages\/505\/revisions"}],"predecessor-version":[{"id":980,"href":"https:\/\/pruki.hu\/index.php\/wp-json\/wp\/v2\/pages\/505\/revisions\/980"}],"wp:attachment":[{"href":"https:\/\/pruki.hu\/index.php\/wp-json\/wp\/v2\/media?parent=505"}],"curies":[{"name":"wp","href":"https:\/\/api.w.org\/{rel}","templated":true}]}}